{"id":694,"date":"2024-05-09T15:08:26","date_gmt":"2024-05-09T15:08:26","guid":{"rendered":"https:\/\/smobil.se\/?post_type=product&#038;p=694"},"modified":"2025-06-18T21:25:45","modified_gmt":"2025-06-18T21:25:45","slug":"salj-iphone-8-plus","status":"publish","type":"product","link":"https:\/\/smobil.se\/index.php\/product\/salj-iphone-8-plus\/","title":{"rendered":"S\u00e4lj iPhone 8 Plus"},"content":{"rendered":"<h4><span style=\"color: #000000;\">Vilket skick har telefonen?<\/span><\/h4>\n<p>&nbsp;<\/p>\n<h4><span style=\"color: #339966;\">Mycket bra skick (A) :<\/span><\/h4>\n<h4><span style=\"color: #000000;\">Telefonen ser ut som ny. Den har inga eller v\u00e4ldigt sm\u00e5 sp\u00e5r av tidigare anv\u00e4ndning.<\/span><\/h4>\n<h4><span style=\"color: #000000;\">*<\/span><\/h4>\n<h4><span style=\"color: #339966;\">Bra skick (B):<\/span><\/h4>\n<h4><span style=\"color: #000000;\">Telefonen \u00e4r i mycket bra skick. Det f\u00e5r finnas sm\u00e5 repor eller sm\u00e4rre m\u00e4rken av obetydlig karakt\u00e4r. Dock minimalt slitage.<\/span><\/h4>\n<h4><span style=\"color: #000000;\">*<\/span><\/h4>\n<h4><span style=\"color: #339966;\">Okej skick (C):<\/span><\/h4>\n<h4><span style=\"color: #000000;\">Telefonen har synliga tecken p\u00e5 anv\u00e4ndning, s\u00e5som repor och skrapm\u00e4rken. Sk\u00e4rmen eller chassit har repor men \u00e4r fri fr\u00e5n sprickor.<\/span><\/h4>\n<h4><span style=\"color: #000000;\">*<\/span><\/h4>\n<h4><span style=\"color: #339966;\">Trasig sk\u00e4rm (D):<\/span><\/h4>\n<h4><span style=\"color: #000000;\">Telefonen har trasig sk\u00e4rm.<\/span><\/h4>\n<h4><span style=\"color: #000000;\">*<\/span><\/h4>\n<h4><span style=\"color: #339966;\">Trasig baksida (E):<\/span><\/h4>\n<h4><span style=\"color: #000000;\">iPhone 8\/8Plus och nyare modeller kan vara med en trasig baksida.<\/span><\/h4>\n<h4><span style=\"color: #000000;\">*<\/span><\/h4>\n<h4><span style=\"color: #339966;\">Skick (F): trasig sk\u00e4rm &amp; baksidan<\/span><\/h4>\n<h4><span style=\"color: #000000;\">*<\/span><\/h4>\n<h4><span style=\"color: #000000;\">Viktigt att du loggar ut fr\u00e5n iCloud och raderar allt inneh\u00e5ll och alla inst\u00e4llningar.<\/span><\/h4>\n<h4><span style=\"color: #000000;\">Det h\u00e4r b\u00f6r du g\u00f6ra innan du s\u00e4ljer, ger bort eller byter ut din iPhone.<\/span><\/h4>\n<h6><\/h6>\n<h6><\/h6>\n","protected":false},"excerpt":{"rendered":"<h4><\/h4>\n<h4><span style=\"color: #339966;\"><br \/>\n<!-- wp:table {\"hasFixedLayout\":true,\"className\":\"is-style-regular\"} --><\/span><\/h4>\n<figure class=\"wp-block-table is-style-regular\">\n<table class=\"has-fixed-layout\">\n<thead>\n<tr>\n<th>\n<h5 style=\"text-align: center;\">Skick<\/h5>\n<\/th>\n<th>\n<h5 style=\"text-align: center;\">Mycket<\/h5>\n<h5 style=\"text-align: center;\">bra<\/h5>\n<h4 style=\"text-align: center;\"><\/h4>\n<\/th>\n<th style=\"text-align: center;\">\n<h5>bra<\/h5>\n<h4><\/h4>\n<\/th>\n<th style=\"text-align: center;\">\n<h5>Okej<\/h5>\n<h4><\/h4>\n<\/th>\n<th style=\"text-align: center;\">\n<h5>Trasig<\/h5>\n<h5>sk\u00e4rm<\/h5>\n<h4><\/h4>\n<\/th>\n<th style=\"text-align: center;\">\n<h5>Trasig<\/h5>\n<h5>baksida<\/h5>\n<h4><\/h4>\n<\/th>\n<th>\n<h6 style=\"text-align: center;\">Trasig sk\u00e4rm<\/h6>\n<h6 style=\"text-align: center;\">&amp; Baksida<\/h6>\n<h4 style=\"text-align: center;\"><\/h4>\n<\/th>\n<\/tr>\n<\/thead>\n<tbody>\n<tr>\n<td>\n<h3 style=\"text-align: center;\"><span style=\"color: #339966;\">GB<\/span><\/h3>\n<\/td>\n<td>\n<h4 style=\"text-align: center;\"><span style=\"color: #339966;\">(A)<\/span><\/h4>\n<\/td>\n<td style=\"text-align: center;\">\n<h4><span style=\"color: #339966;\">(B)<\/span><\/h4>\n<\/td>\n<td style=\"text-align: center;\">\n<h4><span style=\"color: #339966;\">(C)<\/span><\/h4>\n<\/td>\n<td style=\"text-align: center;\">\n<h4><span style=\"color: #339966;\">(D)<\/span><\/h4>\n<\/td>\n<td style=\"text-align: center;\">\n<h4><span style=\"color: #339966;\">(E)<\/span><\/h4>\n<\/td>\n<td>\n<h4 style=\"text-align: center;\"><span style=\"color: #339966;\">(F)<\/span><\/h4>\n<\/td>\n<\/tr>\n<tr>\n<td>\n<h4 style=\"text-align: center;\">64<\/h4>\n<\/td>\n<td>\n<h3 style=\"text-align: center;\">500<\/h3>\n<\/td>\n<td style=\"text-align: center;\">\n<h3>400<\/h3>\n<\/td>\n<td style=\"text-align: center;\">\n<h3>300<\/h3>\n<\/td>\n<td style=\"text-align: center;\">\n<h3>200<\/h3>\n<\/td>\n<td style=\"text-align: center;\">\n<h3>150<\/h3>\n<\/td>\n<td>\n<h3 style=\"text-align: center;\">100<\/h3>\n<\/td>\n<\/tr>\n<tr>\n<td>\n<h4 style=\"text-align: center;\"><span style=\"color: #339966;\">128<\/span><\/h4>\n<\/td>\n<td style=\"text-align: center;\">\n<h3><span style=\"color: #339966;\">+50<\/span><\/h3>\n<\/td>\n<td style=\"text-align: center;\">\n<h3><span style=\"color: #339966;\">+50<\/span><\/h3>\n<\/td>\n<td style=\"text-align: center;\">\n<h3><span style=\"color: #339966;\">+50<\/span><\/h3>\n<\/td>\n<td style=\"text-align: center;\">\n<h3><span style=\"color: #339966;\">+50<\/span><\/h3>\n<\/td>\n<td style=\"text-align: center;\">\n<h3><span style=\"color: #339966;\">+50<\/span><\/h3>\n<\/td>\n<td style=\"text-align: center;\">\n<h3><span style=\"color: #339966;\">+50<\/span><\/h3>\n<\/td>\n<\/tr>\n<tr>\n<td>\n<h4 style=\"text-align: center;\">256<\/h4>\n<\/td>\n<td style=\"text-align: center;\">\n<h3>+100<\/h3>\n<\/td>\n<td style=\"text-align: center;\">\n<h3>+100<\/h3>\n<\/td>\n<td style=\"text-align: center;\">\n<h3>+100<\/h3>\n<\/td>\n<td style=\"text-align: center;\">\n<h3>+100<\/h3>\n<\/td>\n<td style=\"text-align: center;\">\n<h3>+100<\/h3>\n<\/td>\n<td>\n<h3 style=\"text-align: center;\">+100<\/h3>\n<\/td>\n<\/tr>\n<\/tbody>\n<\/table>\n<\/figure>\n<h4><span style=\"color: #339966;\"><!-- \/wp:table --><\/span><\/h4>\n<h4><\/h4>\n<h4><\/h4>\n","protected":false},"featured_media":1588,"comment_status":"open","ping_status":"closed","template":"","meta":[],"product_brand":[],"product_cat":[40],"product_tag":[],"class_list":{"0":"post-694","1":"product","2":"type-product","3":"status-publish","4":"has-post-thumbnail","6":"product_cat-salj-iphone","8":"first","9":"instock","10":"taxable","11":"shipping-taxable","12":"product-type-simple"},"_links":{"self":[{"href":"https:\/\/smobil.se\/index.php\/wp-json\/wp\/v2\/product\/694","targetHints":{"allow":["GET"]}}],"collection":[{"href":"https:\/\/smobil.se\/index.php\/wp-json\/wp\/v2\/product"}],"about":[{"href":"https:\/\/smobil.se\/index.php\/wp-json\/wp\/v2\/types\/product"}],"replies":[{"embeddable":true,"href":"https:\/\/smobil.se\/index.php\/wp-json\/wp\/v2\/comments?post=694"}],"wp:featuredmedia":[{"embeddable":true,"href":"https:\/\/smobil.se\/index.php\/wp-json\/wp\/v2\/media\/1588"}],"wp:attachment":[{"href":"https:\/\/smobil.se\/index.php\/wp-json\/wp\/v2\/media?parent=694"}],"wp:term":[{"taxonomy":"product_brand","embeddable":true,"href":"https:\/\/smobil.se\/index.php\/wp-json\/wp\/v2\/product_brand?post=694"},{"taxonomy":"product_cat","embeddable":true,"href":"https:\/\/smobil.se\/index.php\/wp-json\/wp\/v2\/product_cat?post=694"},{"taxonomy":"product_tag","embeddable":true,"href":"https:\/\/smobil.se\/index.php\/wp-json\/wp\/v2\/product_tag?post=694"}],"curies":[{"name":"wp","href":"https:\/\/api.w.org\/{rel}","templated":true}]}}