{"id":505,"date":"2024-05-06T23:20:07","date_gmt":"2024-05-06T23:20:07","guid":{"rendered":"https:\/\/smobil.se\/?post_type=product&#038;p=505"},"modified":"2024-05-20T14:14:53","modified_gmt":"2024-05-20T14:14:53","slug":"kop-mobil","status":"publish","type":"product","link":"https:\/\/smobil.se\/index.php\/product\/kop-mobil\/","title":{"rendered":"Skydda sk\u00e4rmen!"},"content":{"rendered":"<h4 class=\"text-center mb-4\">Skydda sk\u00e4rmen!<\/h4>\n<h4><span style=\"color: #339966;\">K\u00f6p ett professionellt installerat sk\u00e4rmskydd<\/span><\/h4>\n<p>Extra stark skyddsplast &#8211; f\u00e4rdigmonterat f\u00f6r endast 100 kr<\/p>\n<ul>\n<li><strong>Din sk\u00e4rm kommer st\u00e5 emot sprickor och repor b\u00e4ttre<\/strong><\/li>\n<li><strong>Bevarar andrahandsv\u00e4rdet<\/strong><\/li>\n<li><strong>L\u00e4tt att ta bort eller byta ut<\/strong><\/li>\n<li><strong>Touchfunktion p\u00e5verkas ej<\/strong><\/li>\n<li><strong>Bra ytbehandling g\u00f6r att det knapp m\u00e4rks av<\/strong><\/li>\n<\/ul>\n","protected":false},"excerpt":{"rendered":"<p>Ta chansen att f\u00e5 en proffesionellt installerad skyddsplast p\u00e5 din nya mobil.<\/p>\n<p><strong>Fritt fr\u00e5n dammkorn och bubblor!<\/strong><\/p>\n","protected":false},"featured_media":1110,"comment_status":"open","ping_status":"closed","template":"","meta":[],"product_brand":[],"product_cat":[15],"product_tag":[],"class_list":{"0":"post-505","1":"product","2":"type-product","3":"status-publish","4":"has-post-thumbnail","6":"product_cat-uncategorized","8":"first","9":"instock","10":"sale","11":"taxable","12":"shipping-taxable","13":"purchasable","14":"product-type-simple"},"_links":{"self":[{"href":"https:\/\/smobil.se\/index.php\/wp-json\/wp\/v2\/product\/505","targetHints":{"allow":["GET"]}}],"collection":[{"href":"https:\/\/smobil.se\/index.php\/wp-json\/wp\/v2\/product"}],"about":[{"href":"https:\/\/smobil.se\/index.php\/wp-json\/wp\/v2\/types\/product"}],"replies":[{"embeddable":true,"href":"https:\/\/smobil.se\/index.php\/wp-json\/wp\/v2\/comments?post=505"}],"wp:featuredmedia":[{"embeddable":true,"href":"https:\/\/smobil.se\/index.php\/wp-json\/wp\/v2\/media\/1110"}],"wp:attachment":[{"href":"https:\/\/smobil.se\/index.php\/wp-json\/wp\/v2\/media?parent=505"}],"wp:term":[{"taxonomy":"product_brand","embeddable":true,"href":"https:\/\/smobil.se\/index.php\/wp-json\/wp\/v2\/product_brand?post=505"},{"taxonomy":"product_cat","embeddable":true,"href":"https:\/\/smobil.se\/index.php\/wp-json\/wp\/v2\/product_cat?post=505"},{"taxonomy":"product_tag","embeddable":true,"href":"https:\/\/smobil.se\/index.php\/wp-json\/wp\/v2\/product_tag?post=505"}],"curies":[{"name":"wp","href":"https:\/\/api.w.org\/{rel}","templated":true}]}}