{"id":1388,"date":"2024-06-21T15:28:02","date_gmt":"2024-06-21T15:28:02","guid":{"rendered":"https:\/\/smobil.se\/?post_type=product&#038;p=1388"},"modified":"2024-06-24T13:20:10","modified_gmt":"2024-06-24T13:20:10","slug":"samsung-galaxy-s21-5g","status":"publish","type":"product","link":"https:\/\/smobil.se\/index.php\/product\/samsung-galaxy-s21-5g\/","title":{"rendered":"Samsung Galaxy S21 5G"},"content":{"rendered":"<h2><span style=\"color: #339966;\">Begagnad Ol\u00e5st SAMSUNG GALAXY S21 5G<\/span><\/h2>\r\n<h6>\u00a0<\/h6>\r\n<h6><\/h6>\r\n<figure class=\"wp-block-table\">\r\n<table class=\"has-background has-fixed-layout\">\r\n<tbody>\r\n<tr>\r\n<td>\r\n<h6>Touch ID<\/h6>\r\n<\/td>\r\n<td>\r\n<h6>Ja<\/h6>\r\n<\/td>\r\n<\/tr>\r\n<tr>\r\n<td>\r\n<h6>N\u00e4tverk<\/h6>\r\n<\/td>\r\n<td>\r\n<h6>LTE (4G)\/ GSM \/ CDMA \/ HSPA \/ EVDO \/ 5G<\/h6>\r\n<\/td>\r\n<\/tr>\r\n<tr>\r\n<td>\r\n<h6>Sim<\/h6>\r\n<\/td>\r\n<td>\r\n<h6>Nano-SIM and eSIM or Dual SIM<\/h6>\r\n<\/td>\r\n<\/tr>\r\n<tr>\r\n<td>\r\n<h6>Processor<\/h6>\r\n<\/td>\r\n<td>\r\n<h6>Exynos 2100<\/h6>\r\n<\/td>\r\n<\/tr>\r\n<tr>\r\n<td>\r\n<h6>Minne<\/h6>\r\n<\/td>\r\n<td>\r\n<h6>128GB\u00a0 8GB RAM<\/h6>\r\n<h6>256GB\u00a0 8GB RAM<\/h6>\r\n<\/td>\r\n<\/tr>\r\n<tr>\r\n<td>\r\n<h6>Sk\u00e4rmtyp<\/h6>\r\n<\/td>\r\n<td>\r\n<h6>Dynamic AMOLED 2X<\/h6>\r\n<\/td>\r\n<\/tr>\r\n<tr>\r\n<td>\r\n<h6>Sk\u00e4rmuppl\u00f6sning<\/h6>\r\n<\/td>\r\n<td>\r\n<h6>1080&#215;2400 pixels<\/h6>\r\n<\/td>\r\n<\/tr>\r\n<tr>\r\n<td>\r\n<h6>M\u00e5tt<\/h6>\r\n<\/td>\r\n<td>\r\n<h6>151.7 x 71.2 x 7.9 mm<\/h6>\r\n<\/td>\r\n<\/tr>\r\n<tr>\r\n<td>\r\n<h6>Laddning<\/h6>\r\n<\/td>\r\n<td>\r\n<h6>25W<\/h6>\r\n<\/td>\r\n<\/tr>\r\n<tr>\r\n<td>\r\n<h6>Tr\u00e5dl\u00f6s laddning<\/h6>\r\n<\/td>\r\n<td>\r\n<h6>15W<\/h6>\r\n<\/td>\r\n<\/tr>\r\n<\/tbody>\r\n<\/table>\r\n<\/figure>\r\n<h6><\/h6>\r\n<h6><strong style=\"color: #339966;\">Produkten \u00e4r kontrollerad, ol\u00e5st och fungerar som ny.<\/strong><\/h6>\r\n<p>Laddkabel medf\u00f6ljer<\/p>\r\n<p>Garanti: <strong>6 m\u00e5nader<\/strong>\u00a0p\u00e5 batteri,\u00a0<strong>24 m\u00e5nader<\/strong>\u00a0p\u00e5 \u00f6vriga delar<\/p>\r\n<p>Leveranstid:<strong>\u00a01-2 arbetsdagar<\/strong><\/p>\r\n<p>Returr\u00e4tt:\u00a0<strong>10 dagar<\/strong><\/p>\r\n<p>Svenskt bolag som f\u00f6ljer svensk lag<\/p>\r\n<p>&nbsp;<\/p>\r\n<h3><span style=\"color: #339966;\"><strong>V\u00e4lj vilken enhet som passar dig<\/strong><\/span><\/h3>\r\n<p><strong>Hos oss kan du sj\u00e4lv best\u00e4mma vilken enhet du vill ha och i vilket skick.<\/strong><\/p>\r\n<p><strong>Ett alternativ \u00e4r naturligtvis att s\u00e4tta ett skal runt enheten s\u00e5 att repor eller bucklor inte l\u00e4ngre syns.<\/strong><\/p>\r\n<p><strong>Produkter med villkoret \u2019synligt anv\u00e4nt\u2019 s\u00e4ljs till reducerat pris. S\u00e5 det \u00e4r bara att v\u00e4lja vad du f\u00f6redrar!<\/strong><\/p>\r\n<p>&nbsp;<\/p>\r\n<h3><span style=\"color: #339966;\"><strong>L\u00e4s Mer om Skick H\u00e4r:<\/strong><\/span><\/h3>\r\n<h6><\/h6>\r\n<figure class=\"wp-block-table\">\r\n<table class=\"has-fixed-layout\">\r\n<tbody>\r\n<tr>\r\n<td><span style=\"color: #339966;\"><strong>Nyskick<\/strong><\/span><\/td>\r\n<td>Helt nya oanv\u00e4nda produkter<\/td>\r\n<td><span style=\"color: #339966;\">100% Batterih\u00e4lsa<\/span><\/td>\r\n<\/tr>\r\n<tr>\r\n<td><span style=\"color: #339966;\"><strong>Utm\u00e4rkt Skick<\/strong><\/span><\/td>\r\n<td>\r\n<p>Sparsamt anv\u00e4nda produkter bra skick. H\u00e4r kan du f\u00f6rv\u00e4nta dig en produkt med mycket sm\u00e5 tecken p\u00e5 anv\u00e4ndning.\u00a0<\/p>\r\n<\/td>\r\n<td><span style=\"color: #339966;\">Batterih\u00e4lsan \u00e4r alltid minst 90%<\/span><\/td>\r\n<\/tr>\r\n<tr>\r\n<td><span style=\"color: #339966;\"><strong>Mycket Bra Skick<\/strong><\/span><\/td>\r\n<td>\r\n<p>Sparsamt anv\u00e4nda produkter bra skick. H\u00e4r kan du f\u00f6rv\u00e4nta dig en produkt med mycket sm\u00e5 tecken p\u00e5 anv\u00e4ndning. Inga, eller f\u00e5 minimala repor och andra m\u00e4rken p\u00e5 chassi<\/p>\r\n<\/td>\r\n<td><span style=\"color: #339966;\">Batterih\u00e4lsan \u00e4r alltid minst 90%<\/span><\/td>\r\n<\/tr>\r\n<tr>\r\n<td><span style=\"color: #339966;\"><strong>Bra Skick<\/strong><\/span><\/td>\r\n<td>\r\n<p>Sm\u00e5 avvikelser kan f\u00f6rekomma, som t.ex. mindre sp\u00e5r av m\u00e4rkning\/repor p\u00e5 chassi eller bildsk\u00e4rm (syns ej n\u00e4r sk\u00e4rmen \u00e4r p\u00e5slagen), inga sprickor.\u00a0<\/p>\r\n<\/td>\r\n<td><span style=\"color: #339966;\">Batterih\u00e4lsan \u00e4r alltid minst 85%<\/span><\/td>\r\n<\/tr>\r\n<tr>\r\n<td><span style=\"color: #339966;\"><strong>Okej Skick<\/strong><\/span><\/td>\r\n<td>\r\n<p>\u00a0N\u00e4r du vill vara lite extra ekonomisk finns m\u00f6jligheten att v\u00e4lja produkter med tydliga sp\u00e5r av anv\u00e4ndning. Det kan finnas n\u00e5got fler mindre repor eller sm\u00e5 m\u00e4rken j\u00e4mf\u00f6rt med klass \u201dBra\u201d.<\/p>\r\n<\/td>\r\n<td><span style=\"color: #339966;\">Batterih\u00e4lsan \u00e4r alltid minst 85%<\/span><\/td>\r\n<\/tr>\r\n<\/tbody>\r\n<\/table>\r\n<\/figure>\r\n<h6><\/h6>","protected":false},"excerpt":{"rendered":"<h4 style=\"text-align: center;\">\u00a0<\/h4>\n<h4 style=\"text-align: center;\">\u00a0<\/h4>\n<figure class=\"wp-block-table is-style-regular\">\n<table class=\"has-fixed-layout\" style=\"height: 158px;\" width=\"1101\">\n<thead><\/thead>\n<tbody>\n<tr>\n<td style=\"text-align: center;\">\n<h4>Sk\u00e4rm<\/h4>\n<\/td>\n<td style=\"text-align: center;\">\n<h4>Vikt<\/h4>\n<\/td>\n<td style=\"text-align: center;\">\n<h4>Android<\/h4>\n<\/td>\n<td style=\"text-align: center;\">\n<h4>Lanserad<\/h4>\n<\/td>\n<td style=\"text-align: center;\">\n<h4 style=\"text-align: center;\">Kameror<\/h4>\n<\/td>\n<td style=\"text-align: center;\">\n<h4>Batteri<\/h4>\n<\/td>\n<td>\n<h4 style=\"text-align: center;\">Minne<\/h4>\n<\/td>\n<\/tr>\n<tr>\n<td>\n<h5 style=\"text-align: center;\"><span style=\"color: #339966;\">6.2&#8221;<\/span><\/h5>\n<\/td>\n<td style=\"text-align: center;\">\n<h5><span style=\"color: #339966;\">169g<\/span><\/h5>\n<\/td>\n<td style=\"text-align: center;\">\n<h5><span style=\"color: #339966;\">14<\/span><\/h5>\n<\/td>\n<td style=\"text-align: center;\">\n<h5><span style=\"color: #339966;\">2021<\/span><\/h5>\n<\/td>\n<td style=\"text-align: center;\">\n<h5 style=\"text-align: center;\"><span style=\"color: #339966;\">64MP\/10MP<\/span><\/h5>\n<\/td>\n<td style=\"text-align: center;\">\n<h5><span style=\"color: #339966;\">4000mAh<\/span><\/h5>\n<\/td>\n<td>\n<h5 style=\"text-align: center;\"><span style=\"color: #339966;\">8GB<\/span><\/h5>\n<\/td>\n<\/tr>\n<\/tbody>\n<\/table>\n<\/figure>\n<h4><span style=\"color: #339966;\"><!-- \/wp:table --><\/span><\/h4>\n<h4>\u00a0<\/h4>\n<h4>\u00a0<\/h4>\n","protected":false},"featured_media":1399,"comment_status":"closed","ping_status":"closed","template":"","meta":[],"product_brand":[],"product_cat":[41,44],"product_tag":[],"class_list":{"0":"post-1388","1":"product","2":"type-product","3":"status-publish","4":"has-post-thumbnail","6":"product_cat-kop-mobil","7":"product_cat-kop-samsung","9":"first","10":"instock","11":"sale","12":"taxable","13":"shipping-taxable","14":"purchasable","15":"product-type-variable"},"_links":{"self":[{"href":"https:\/\/smobil.se\/index.php\/wp-json\/wp\/v2\/product\/1388","targetHints":{"allow":["GET"]}}],"collection":[{"href":"https:\/\/smobil.se\/index.php\/wp-json\/wp\/v2\/product"}],"about":[{"href":"https:\/\/smobil.se\/index.php\/wp-json\/wp\/v2\/types\/product"}],"replies":[{"embeddable":true,"href":"https:\/\/smobil.se\/index.php\/wp-json\/wp\/v2\/comments?post=1388"}],"wp:featuredmedia":[{"embeddable":true,"href":"https:\/\/smobil.se\/index.php\/wp-json\/wp\/v2\/media\/1399"}],"wp:attachment":[{"href":"https:\/\/smobil.se\/index.php\/wp-json\/wp\/v2\/media?parent=1388"}],"wp:term":[{"taxonomy":"product_brand","embeddable":true,"href":"https:\/\/smobil.se\/index.php\/wp-json\/wp\/v2\/product_brand?post=1388"},{"taxonomy":"product_cat","embeddable":true,"href":"https:\/\/smobil.se\/index.php\/wp-json\/wp\/v2\/product_cat?post=1388"},{"taxonomy":"product_tag","embeddable":true,"href":"https:\/\/smobil.se\/index.php\/wp-json\/wp\/v2\/product_tag?post=1388"}],"curies":[{"name":"wp","href":"https:\/\/api.w.org\/{rel}","templated":true}]}}