{"id":298,"date":"2014-09-26T17:23:32","date_gmt":"2014-09-26T17:23:32","guid":{"rendered":"http:\/\/192.168.1.104\/enfold-photography\/?page_id=21"},"modified":"2024-05-12T22:05:36","modified_gmt":"2024-05-12T22:05:36","slug":"about","status":"publish","type":"page","link":"https:\/\/smobil.se\/index.php\/about\/","title":{"rendered":"Om oss"},"content":{"rendered":"<div id='full_slider_1'  class='avia-fullwidth-slider main_color avia-shadow   avia-builder-el-0  el_before_av_layout_row  avia-builder-el-first   container_wrap fullsize'  ><div  class='avia-slideshow av-5cjqo2-dd360431885488b224334f286fefcce8 avia-slideshow-featured_large av_slideshow_full avia-fade-slider av-slideshow-ui av-control-minimal av-slideshow-manual av-loop-once av-loop-manual-endless av-default-height-applied   avia-slideshow-1' data-slideshow-options=\"{&quot;animation&quot;:&quot;fade&quot;,&quot;autoplay&quot;:false,&quot;loop_autoplay&quot;:&quot;once&quot;,&quot;interval&quot;:5,&quot;loop_manual&quot;:&quot;manual-endless&quot;,&quot;autoplay_stopper&quot;:false,&quot;noNavigation&quot;:false,&quot;bg_slider&quot;:false,&quot;keep_padding&quot;:false,&quot;hoverpause&quot;:false,&quot;show_slide_delay&quot;:0}\"  itemprop=\"image\" itemscope=\"itemscope\" itemtype=\"https:\/\/schema.org\/ImageObject\" ><ul class='avia-slideshow-inner ' style='padding-bottom: 100%;'><li  class='avia-slideshow-slide av-5cjqo2-dd360431885488b224334f286fefcce8__0  slide-1 slide-odd'><div data-rel='slideshow-1' class='avia-slide-wrap '   ><img decoding=\"async\" fetchpriority=\"high\" class=\"wp-image-599 avia-img-lazy-loading-not-599\"  src=\"https:\/\/smobil.se\/wp-content\/uploads\/2024\/05\/BATTERI-REMOVER-iphone-8-ittek.se_-2-300x300-1.webp\" width=\"300\" height=\"300\" title='BATTERI-REMOVER-iphone-8-ittek.se_-2-300x300' alt=''  itemprop=\"thumbnailUrl\" srcset=\"https:\/\/smobil.se\/wp-content\/uploads\/2024\/05\/BATTERI-REMOVER-iphone-8-ittek.se_-2-300x300-1.webp 300w, https:\/\/smobil.se\/wp-content\/uploads\/2024\/05\/BATTERI-REMOVER-iphone-8-ittek.se_-2-300x300-1-80x80.webp 80w, https:\/\/smobil.se\/wp-content\/uploads\/2024\/05\/BATTERI-REMOVER-iphone-8-ittek.se_-2-300x300-1-36x36.webp 36w, https:\/\/smobil.se\/wp-content\/uploads\/2024\/05\/BATTERI-REMOVER-iphone-8-ittek.se_-2-300x300-1-180x180.webp 180w, https:\/\/smobil.se\/wp-content\/uploads\/2024\/05\/BATTERI-REMOVER-iphone-8-ittek.se_-2-300x300-1-120x120.webp 120w, https:\/\/smobil.se\/wp-content\/uploads\/2024\/05\/BATTERI-REMOVER-iphone-8-ittek.se_-2-300x300-1-100x100.webp 100w\" sizes=\"(max-width: 300px) 100vw, 300px\" \/><\/div><\/li><li  class='avia-slideshow-slide av-5cjqo2-dd360431885488b224334f286fefcce8__1  slide-2 slide-even'><div data-rel='slideshow-1' class='avia-slide-wrap '   ><div class='av-slideshow-caption av-5cjqo2-dd360431885488b224334f286fefcce8__1 caption_fullwidth caption_bottom'><div class=\"container caption_container\"><div class=\"slideshow_caption\"><div class=\"slideshow_inner_caption\"><div class=\"slideshow_align_caption\"><h2 class='avia-caption-title '  itemprop=\"name\" >Beach of Orange County<\/h2><div class='avia-caption-content '  itemprop=\"description\" ><p>Thats where I live<\/p>\n<\/div><\/div><\/div><\/div><\/div><\/div><img decoding=\"async\" fetchpriority=\"high\" class=\"wp-image-468 avia-img-lazy-loading-not-468\"  src=\"https:\/\/smobil.se\/wp-content\/uploads\/2024\/05\/20220810-1254x630.jpg\" width=\"1254\" height=\"630\" title='20220810' alt=''  itemprop=\"thumbnailUrl\"   \/><\/div><\/li><\/ul><div class='avia-slideshow-arrows avia-slideshow-controls' ><a href='#prev' class='prev-slide ' aria-hidden='true' data-av_icon='\ue87c' data-av_iconfont='entypo-fontello'  tabindex='-1'>Previous<\/a><a href='#next' class='next-slide ' aria-hidden='true' data-av_icon='\ue87d' data-av_iconfont='entypo-fontello'  tabindex='-1'>Next<\/a><\/div><div class='avia-slideshow-dots avia-slideshow-controls'><a href='#1' class='goto-slide active' >1<\/a><a href='#2' class='goto-slide ' >2<\/a><\/div><\/div><\/div>\n<div id='av-layout-grid-1'  class='av-layout-grid-container av-4xt39u-e0a21532541e18997978763e8122c734 entry-content-wrapper main_color av-flex-cells  avia-builder-el-1  el_after_av_slideshow_full  el_before_av_layout_row  grid-row-not-first  container_wrap fullsize'  >\n\n<style type=\"text\/css\" data-created_by=\"avia_inline_auto\" id=\"style-css-av-4q55mq-358f97192be96f2097cc69284ada61b3\">\n.flex_cell.av-4q55mq-358f97192be96f2097cc69284ada61b3{\nvertical-align:top;\n}\n.responsive #top #wrap_all .flex_cell.av-4q55mq-358f97192be96f2097cc69284ada61b3{\npadding:30px 30px 30px 30px !important;\n}\n<\/style>\n<div class='flex_cell av-4q55mq-358f97192be96f2097cc69284ada61b3 av-gridrow-cell av_one_third no_margin  avia-builder-el-2  el_before_av_cell_one_third  avia-builder-el-first '  ><div class='flex_cell_inner'><p>\n<style type=\"text\/css\" data-created_by=\"avia_inline_auto\" id=\"style-css-av-g6wsq-8e9295cc82b6a00b9116ea90711286be\">\n#top .av-special-heading.av-g6wsq-8e9295cc82b6a00b9116ea90711286be{\npadding-bottom:10px;\n}\nbody .av-special-heading.av-g6wsq-8e9295cc82b6a00b9116ea90711286be .av-special-heading-tag .heading-char{\nfont-size:25px;\n}\n.av-special-heading.av-g6wsq-8e9295cc82b6a00b9116ea90711286be .av-subheading{\nfont-size:15px;\n}\n<\/style>\n<div  class='av-special-heading av-g6wsq-8e9295cc82b6a00b9116ea90711286be av-special-heading-h3  avia-builder-el-3  el_before_av_textblock  avia-builder-el-first '><h3 class='av-special-heading-tag'  itemprop=\"headline\"  >Vad vi g\u00f6r?<\/h3><div class=\"special-heading-border\"><div class=\"special-heading-inner-border\"><\/div><\/div><\/div><br \/>\n<section  class='av_textblock_section av-4fm0pm-4bb64a893a7ab7f2dce823d566a0cc71 '   itemscope=\"itemscope\" itemtype=\"https:\/\/schema.org\/CreativeWork\" ><div class='avia_textblock'  itemprop=\"text\" ><p>Vi \u00e4r ett Karlstad-baserat f\u00f6retag som s\u00e4ljer och servar datorer telefoner m.m Tekniker har l\u00e5ng erfarenhet av dator reparationer fr\u00e5n <span style=\"color: #008000;\">1994<\/span> och mobil reparationer fr\u00e5n<span style=\"color: #008000;\"> 2012<\/span> Vi har garanti p\u00e5 alla v\u00e5ra produkter och anstr\u00e4nger oss f\u00f6r att det ska vara enkelt f\u00f6r dig att handla med oss. Vi anv\u00e4nder oss oftast av stock photos d\u00e5 vi kan ha n\u00e5gra antal av en produkt p\u00e5 lager.<\/p>\n<\/div><\/section><\/p>\n<\/div><\/div>\n<style type=\"text\/css\" data-created_by=\"avia_inline_auto\" id=\"style-css-av-463peq-151e9ccda05ad72e86247c4d0441bee0\">\n.flex_cell.av-463peq-151e9ccda05ad72e86247c4d0441bee0{\nvertical-align:top;\nbackground-color:#f7f7f7;\n}\n.responsive #top #wrap_all .flex_cell.av-463peq-151e9ccda05ad72e86247c4d0441bee0{\npadding:30px 30px 30px 30px !important;\n}\n<\/style>\n<div class='flex_cell av-463peq-151e9ccda05ad72e86247c4d0441bee0 av-gridrow-cell av_one_third no_margin  avia-builder-el-5  el_after_av_cell_one_third  el_before_av_cell_one_third '  ><div class='flex_cell_inner'><p>\n<style type=\"text\/css\" data-created_by=\"avia_inline_auto\" id=\"style-css-av-439lhe-d6eadb70dcef85c6a2708884f99b0342\">\n#top .av-special-heading.av-439lhe-d6eadb70dcef85c6a2708884f99b0342{\npadding-bottom:10px;\n}\nbody .av-special-heading.av-439lhe-d6eadb70dcef85c6a2708884f99b0342 .av-special-heading-tag .heading-char{\nfont-size:25px;\n}\n.av-special-heading.av-439lhe-d6eadb70dcef85c6a2708884f99b0342 .av-subheading{\nfont-size:15px;\n}\n<\/style>\n<div  class='av-special-heading av-439lhe-d6eadb70dcef85c6a2708884f99b0342 av-special-heading-h3  avia-builder-el-6  el_before_av_textblock  avia-builder-el-first '><h3 class='av-special-heading-tag'  itemprop=\"headline\"  >Hur vi g\u00f6r?<\/h3><div class=\"special-heading-border\"><div class=\"special-heading-inner-border\"><\/div><\/div><\/div><br \/>\n<section  class='av_textblock_section av-3xbgdm-1d2bedfbcad775ff9aac83164f473756 '   itemscope=\"itemscope\" itemtype=\"https:\/\/schema.org\/CreativeWork\" ><div class='avia_textblock'  itemprop=\"text\" ><p>Vi \u00e5tervinner din trasiga iPhone p\u00e5 tv\u00e5 s\u00e4tt. Det f\u00f6rsta, om m\u00f6jligt, \u00e4r att reparera och renovera din gamla iPhone s\u00e5 att den kan g\u00e5 till ett nytt hem. Om vi inte kan g\u00f6ra det kommer vi att \u00e5tervinna din telefon och dess komponenter p\u00e5 ett ansvarsfullt och s\u00e4kert s\u00e4tt. Hur som helst kan du vara s\u00e4ker p\u00e5 att din gamla iPhone inte skadar milj\u00f6n.<\/p>\n<\/div><\/section><\/p>\n<\/div><\/div>\n<style type=\"text\/css\" data-created_by=\"avia_inline_auto\" id=\"style-css-av-3sdvmq-532521333cb325bfb4eb6852003cca26\">\n.flex_cell.av-3sdvmq-532521333cb325bfb4eb6852003cca26{\nvertical-align:top;\nbackground-color:#eaeaea;\n}\n.responsive #top #wrap_all .flex_cell.av-3sdvmq-532521333cb325bfb4eb6852003cca26{\npadding:30px 30px 30px 30px !important;\n}\n<\/style>\n<div class='flex_cell av-3sdvmq-532521333cb325bfb4eb6852003cca26 av-gridrow-cell av_one_third no_margin  avia-builder-el-8  el_after_av_cell_one_third  avia-builder-el-last '  ><div class='flex_cell_inner'><p>\n<style type=\"text\/css\" data-created_by=\"avia_inline_auto\" id=\"style-css-av-3j5f9m-b769ea4302fea087edc09d6dc98974a0\">\n#top .av-special-heading.av-3j5f9m-b769ea4302fea087edc09d6dc98974a0{\npadding-bottom:10px;\n}\nbody .av-special-heading.av-3j5f9m-b769ea4302fea087edc09d6dc98974a0 .av-special-heading-tag .heading-char{\nfont-size:25px;\n}\n.av-special-heading.av-3j5f9m-b769ea4302fea087edc09d6dc98974a0 .av-subheading{\nfont-size:15px;\n}\n<\/style>\n<div  class='av-special-heading av-3j5f9m-b769ea4302fea087edc09d6dc98974a0 av-special-heading-h3  avia-builder-el-9  el_before_av_textblock  avia-builder-el-first '><h3 class='av-special-heading-tag'  itemprop=\"headline\"  >Kundservice<\/h3><div class=\"special-heading-border\"><div class=\"special-heading-inner-border\"><\/div><\/div><\/div><br \/>\n<section  class='av_textblock_section av-3g6ype-55f4793c31ef35826a24daee78a77235 '   itemscope=\"itemscope\" itemtype=\"https:\/\/schema.org\/CreativeWork\" ><div class='avia_textblock'  itemprop=\"text\" ><h6>M\u00e5n-Fre Kl 10-18<\/h6>\n<p>Adress:<\/p>\n<h6><span style=\"color: #008000;\">Ruds Centrum<\/span><\/h6>\n<h6>Rudstorget 26<\/h6>\n<h6><span style=\"color: #008000;\">65466 Karlstad<\/span><\/h6>\n<h6>info@smobil.se<\/h6>\n<\/div><\/section><\/p>\n<\/div><\/div><\/div><div id='av-layout-grid-2'  class='av-layout-grid-container av-1ol4ai-1cfe80a0fab14fa096286586662d8d85 entry-content-wrapper main_color av-flex-cells  avia-builder-el-11  el_after_av_layout_row  avia-builder-el-last  grid-row-not-first  container_wrap fullsize'  >\n\n<style type=\"text\/css\" data-created_by=\"avia_inline_auto\" id=\"style-css-av-1lmam2-df08df5cfe7a2a136da9a8b344f13646\">\n.flex_cell.av-1lmam2-df08df5cfe7a2a136da9a8b344f13646{\nvertical-align:top;\nheight:400px;\nmin-height:400px;\nbackground:url(https:\/\/smobil.se\/wp-content\/uploads\/2024\/05\/iPhone-reparation-SMobil.se_-300x300.jpg) 50% 50% no-repeat scroll ;\n}\n.responsive #top #wrap_all .flex_cell.av-1lmam2-df08df5cfe7a2a136da9a8b344f13646{\npadding:30px 30px 30px 30px !important;\n}\n<\/style>\n<div class='flex_cell av-1lmam2-df08df5cfe7a2a136da9a8b344f13646 av-gridrow-cell av_one_half no_margin  avia-builder-el-12  el_before_av_cell_one_half  avia-builder-el-first  avia-full-stretch'  ><div class='flex_cell_inner'><\/div><\/div>\n<style type=\"text\/css\" data-created_by=\"avia_inline_auto\" id=\"style-css-av-1fcn5m-f1f431e467e2eaaebc711a9a1088f65e\">\n.flex_cell.av-1fcn5m-f1f431e467e2eaaebc711a9a1088f65e{\nvertical-align:top;\nheight:400px;\nmin-height:400px;\nbackground:url(https:\/\/smobil.se\/wp-content\/uploads\/2024\/05\/b4e4bd9e-a03c-4632-95f6-16958221e5ea-300x300.jpg) 50% 50% no-repeat scroll ;\n}\n.responsive #top #wrap_all .flex_cell.av-1fcn5m-f1f431e467e2eaaebc711a9a1088f65e{\npadding:30px 30px 30px 30px !important;\n}\n<\/style>\n<div class='flex_cell av-1fcn5m-f1f431e467e2eaaebc711a9a1088f65e av-gridrow-cell av_one_half no_margin  avia-builder-el-13  el_after_av_cell_one_half  avia-builder-el-last  avia-full-stretch'  ><div class='flex_cell_inner'><\/div><\/div>\n<\/div><\/p>\n","protected":false},"excerpt":{"rendered":"","protected":false},"author":1,"featured_media":0,"parent":0,"menu_order":0,"comment_status":"open","ping_status":"open","template":"","meta":{"footnotes":""},"class_list":["post-298","page","type-page","status-publish","hentry"],"_links":{"self":[{"href":"https:\/\/smobil.se\/index.php\/wp-json\/wp\/v2\/pages\/298","targetHints":{"allow":["GET"]}}],"collection":[{"href":"https:\/\/smobil.se\/index.php\/wp-json\/wp\/v2\/pages"}],"about":[{"href":"https:\/\/smobil.se\/index.php\/wp-json\/wp\/v2\/types\/page"}],"author":[{"embeddable":true,"href":"https:\/\/smobil.se\/index.php\/wp-json\/wp\/v2\/users\/1"}],"replies":[{"embeddable":true,"href":"https:\/\/smobil.se\/index.php\/wp-json\/wp\/v2\/comments?post=298"}],"version-history":[{"count":13,"href":"https:\/\/smobil.se\/index.php\/wp-json\/wp\/v2\/pages\/298\/revisions"}],"predecessor-version":[{"id":776,"href":"https:\/\/smobil.se\/index.php\/wp-json\/wp\/v2\/pages\/298\/revisions\/776"}],"wp:attachment":[{"href":"https:\/\/smobil.se\/index.php\/wp-json\/wp\/v2\/media?parent=298"}],"curies":[{"name":"wp","href":"https:\/\/api.w.org\/{rel}","templated":true}]}}